{"id":2,"date":"2021-12-15T18:50:07","date_gmt":"2021-12-15T18:50:07","guid":{"rendered":"https:\/\/spo.pd-komenda.si\/?page_id=2"},"modified":"2023-01-06T19:47:23","modified_gmt":"2023-01-06T19:47:23","slug":"sample-page","status":"publish","type":"page","link":"https:\/\/spo.pd-komenda.si\/","title":{"rendered":""},"content":{"rendered":"\t\t<div data-elementor-type=\"wp-page\" data-elementor-id=\"2\" class=\"elementor elementor-2\">\n\t\t\t\t\t\t\t\t\t<section class=\"elementor-section elementor-top-section elementor-element elementor-element-3f951f6 elementor-section-height-full elementor-section-boxed elementor-section-height-default elementor-section-items-middle\" data-id=\"3f951f6\" data-element_type=\"section\">\n\t\t\t\t\t\t<div class=\"elementor-container elementor-column-gap-default\">\n\t\t\t\t\t<div class=\"elementor-column elementor-col-100 elementor-top-column elementor-element elementor-element-726a062\" data-id=\"726a062\" data-element_type=\"column\">\n\t\t\t<div class=\"elementor-widget-wrap elementor-element-populated\">\n\t\t\t\t\t\t\t\t<div class=\"elementor-element elementor-element-1e668e0 elementor-widget elementor-widget-heading\" data-id=\"1e668e0\" data-element_type=\"widget\" data-widget_type=\"heading.default\">\n\t\t\t\t<div class=\"elementor-widget-container\">\n\t\t\t<style>\/*! elementor - v3.18.0 - 08-12-2023 *\/\n.elementor-heading-title{padding:0;margin:0;line-height:1}.elementor-widget-heading .elementor-heading-title[class*=elementor-size-]>a{color:inherit;font-size:inherit;line-height:inherit}.elementor-widget-heading .elementor-heading-title.elementor-size-small{font-size:15px}.elementor-widget-heading .elementor-heading-title.elementor-size-medium{font-size:19px}.elementor-widget-heading .elementor-heading-title.elementor-size-large{font-size:29px}.elementor-widget-heading .elementor-heading-title.elementor-size-xl{font-size:39px}.elementor-widget-heading .elementor-heading-title.elementor-size-xxl{font-size:59px}<\/style><h2 class=\"elementor-heading-title elementor-size-default\">Te zanima plezanje?<\/h2>\t\t<\/div>\n\t\t\t\t<\/div>\n\t\t\t\t<div class=\"elementor-element elementor-element-acfb184 elementor-widget elementor-widget-heading\" data-id=\"acfb184\" data-element_type=\"widget\" data-widget_type=\"heading.default\">\n\t\t\t\t<div class=\"elementor-widget-container\">\n\t\t\t<h3 class=\"elementor-heading-title elementor-size-default\">Pridru\u017ei se najbolj drzni in zabavni plezalni ekipi!<\/h3>\t\t<\/div>\n\t\t\t\t<\/div>\n\t\t\t\t<div class=\"elementor-element elementor-element-2831549 elementor-widget elementor-widget-text-editor\" data-id=\"2831549\" data-element_type=\"widget\" data-widget_type=\"text-editor.default\">\n\t\t\t\t<div class=\"elementor-widget-container\">\n\t\t\t<style>\/*! elementor - v3.18.0 - 08-12-2023 *\/\n.elementor-widget-text-editor.elementor-drop-cap-view-stacked .elementor-drop-cap{background-color:#69727d;color:#fff}.elementor-widget-text-editor.elementor-drop-cap-view-framed .elementor-drop-cap{color:#69727d;border:3px solid;background-color:transparent}.elementor-widget-text-editor:not(.elementor-drop-cap-view-default) .elementor-drop-cap{margin-top:8px}.elementor-widget-text-editor:not(.elementor-drop-cap-view-default) .elementor-drop-cap-letter{width:1em;height:1em}.elementor-widget-text-editor .elementor-drop-cap{float:left;text-align:center;line-height:1;font-size:50px}.elementor-widget-text-editor .elementor-drop-cap-letter{display:inline-block}<\/style>\t\t\t\t<p>V \u0160portnoplezalnem odseku Komenda se lahko pohvalimo z dvema atraktivnima plezalnima objektoma na katerih redno vadi preko 200 plezalcev &#8211; od malih vrt\u010devskih nadebudne\u017eev do izku\u0161enih plezalnih ma\u010dkov.<\/p>\n<p>Za na\u0161 plezalni razvoj skrbijo izku\u0161eni trenerji in biv\u0161i profesionalni plezalci. Svoje meje premikamo tako s plezanjem v notranji balvanski steni kot tudi z rednimi skupinskimi obiski skalnih plezali\u0161\u010d v naravi.<\/p>\t\t\t\t\t\t<\/div>\n\t\t\t\t<\/div>\n\t\t\t\t\t<\/div>\n\t\t<\/div>\n\t\t\t\t\t\t\t<\/div>\n\t\t<\/section>\n\t\t\t\t<section class=\"elementor-section elementor-top-section elementor-element elementor-element-a51447d elementor-section-boxed elementor-section-height-default elementor-section-height-default\" data-id=\"a51447d\" data-element_type=\"section\" data-settings=\"{&quot;background_background&quot;:&quot;classic&quot;}\">\n\t\t\t\t\t\t<div class=\"elementor-container elementor-column-gap-default\">\n\t\t\t\t\t<div class=\"elementor-column elementor-col-100 elementor-top-column elementor-element elementor-element-33cd774\" data-id=\"33cd774\" data-element_type=\"column\">\n\t\t\t<div class=\"elementor-widget-wrap elementor-element-populated\">\n\t\t\t\t\t\t\t\t<div class=\"elementor-element elementor-element-840cb20 elementor-widget elementor-widget-spacer\" data-id=\"840cb20\" data-element_type=\"widget\" data-widget_type=\"spacer.default\">\n\t\t\t\t<div class=\"elementor-widget-container\">\n\t\t\t<style>\/*! elementor - v3.18.0 - 08-12-2023 *\/\n.elementor-column .elementor-spacer-inner{height:var(--spacer-size)}.e-con{--container-widget-width:100%}.e-con-inner>.elementor-widget-spacer,.e-con>.elementor-widget-spacer{width:var(--container-widget-width,var(--spacer-size));--align-self:var(--container-widget-align-self,initial);--flex-shrink:0}.e-con-inner>.elementor-widget-spacer>.elementor-widget-container,.e-con>.elementor-widget-spacer>.elementor-widget-container{height:100%;width:100%}.e-con-inner>.elementor-widget-spacer>.elementor-widget-container>.elementor-spacer,.e-con>.elementor-widget-spacer>.elementor-widget-container>.elementor-spacer{height:100%}.e-con-inner>.elementor-widget-spacer>.elementor-widget-container>.elementor-spacer>.elementor-spacer-inner,.e-con>.elementor-widget-spacer>.elementor-widget-container>.elementor-spacer>.elementor-spacer-inner{height:var(--container-widget-height,var(--spacer-size))}.e-con-inner>.elementor-widget-spacer.elementor-widget-empty,.e-con>.elementor-widget-spacer.elementor-widget-empty{position:relative;min-height:22px;min-width:22px}.e-con-inner>.elementor-widget-spacer.elementor-widget-empty .elementor-widget-empty-icon,.e-con>.elementor-widget-spacer.elementor-widget-empty .elementor-widget-empty-icon{position:absolute;top:0;bottom:0;left:0;right:0;margin:auto;padding:0;width:22px;height:22px}<\/style>\t\t<div class=\"elementor-spacer\">\n\t\t\t<div class=\"elementor-spacer-inner\"><\/div>\n\t\t<\/div>\n\t\t\t\t<\/div>\n\t\t\t\t<\/div>\n\t\t\t\t\t<\/div>\n\t\t<\/div>\n\t\t\t\t\t\t\t<\/div>\n\t\t<\/section>\n\t\t\t\t<section class=\"elementor-section elementor-top-section elementor-element elementor-element-a3cc6b1 elementor-section-height-full elementor-section-boxed elementor-section-height-default elementor-section-items-middle\" data-id=\"a3cc6b1\" data-element_type=\"section\" data-settings=\"{&quot;background_background&quot;:&quot;classic&quot;}\">\n\t\t\t\t\t\t<div class=\"elementor-container elementor-column-gap-default\">\n\t\t\t\t\t<div class=\"elementor-column elementor-col-100 elementor-top-column elementor-element elementor-element-a5c728e\" data-id=\"a5c728e\" data-element_type=\"column\">\n\t\t\t<div class=\"elementor-widget-wrap elementor-element-populated\">\n\t\t\t\t\t\t\t\t<div class=\"elementor-element elementor-element-1da5020 elementor-widget elementor-widget-heading\" data-id=\"1da5020\" data-element_type=\"widget\" data-widget_type=\"heading.default\">\n\t\t\t\t<div class=\"elementor-widget-container\">\n\t\t\t<h2 class=\"elementor-heading-title elementor-size-default\">Plezalni Program<\/h2>\t\t<\/div>\n\t\t\t\t<\/div>\n\t\t\t\t<div class=\"elementor-element elementor-element-6e22e95 elementor-widget elementor-widget-text-editor\" data-id=\"6e22e95\" data-element_type=\"widget\" data-widget_type=\"text-editor.default\">\n\t\t\t\t<div class=\"elementor-widget-container\">\n\t\t\t\t\t\t\t<p>Slika + vsi elementi iz menija vadbe (\u0161tirje boxi)<\/p>\n<p>V footer prosim dodaj kontaktne podatke:<\/p>\n<p>PD Komenda &#8211; \u0160portnoplezalni odsek Komenda<\/p>\n<p>Podbor\u0161t 7g<\/p>\n<p>1218 Komenda<\/p>\n<p>031 217 513 (Marko)<\/p>\n<p>spokomenda@gmail.com<\/p>\n<p>Dodaj \u0161e dva Google maps zemljevida:<\/p>\n<ul>\n<li>Plezalno Sredi\u0161\u010de Komenda (PSK)<\/li>\n<li>Stenca v Planinskem domu<\/li>\n<\/ul>\n<p>Dodaj \u0161e Sledi nam \/link na FB page)<\/p>\t\t\t\t\t\t<\/div>\n\t\t\t\t<\/div>\n\t\t\t\t\t<\/div>\n\t\t<\/div>\n\t\t\t\t\t\t\t<\/div>\n\t\t<\/section>\n\t\t\t\t<section class=\"elementor-section elementor-top-section elementor-element elementor-element-f04d7f4 elementor-section-height-full elementor-section-full_width elementor-section-content-middle elementor-section-height-default elementor-section-items-middle\" data-id=\"f04d7f4\" data-element_type=\"section\">\n\t\t\t\t\t\t<div class=\"elementor-container elementor-column-gap-default\">\n\t\t\t\t\t<div class=\"elementor-column elementor-col-100 elementor-top-column elementor-element elementor-element-aeb6350\" data-id=\"aeb6350\" data-element_type=\"column\">\n\t\t\t<div class=\"elementor-widget-wrap elementor-element-populated\">\n\t\t\t\t\t\t\t\t<div class=\"elementor-element elementor-element-2e4dc26 elementor-widget elementor-widget-heading\" data-id=\"2e4dc26\" data-element_type=\"widget\" data-widget_type=\"heading.default\">\n\t\t\t\t<div class=\"elementor-widget-container\">\n\t\t\t<h2 class=\"elementor-heading-title elementor-size-default\">Sponzorji<\/h2>\t\t<\/div>\n\t\t\t\t<\/div>\n\t\t\t\t<div class=\"elementor-element elementor-element-a11ffda elementor-widget__width-inherit elementor-widget elementor-widget-image-gallery\" data-id=\"a11ffda\" data-element_type=\"widget\" data-widget_type=\"image-gallery.default\">\n\t\t\t\t<div class=\"elementor-widget-container\">\n\t\t\t<style>\/*! elementor - v3.18.0 - 08-12-2023 *\/\n.elementor-image-gallery .gallery-item{display:inline-block;text-align:center;vertical-align:top;width:100%;max-width:100%;margin:0 auto}.elementor-image-gallery .gallery-item img{margin:0 auto}.elementor-image-gallery .gallery-item .gallery-caption{margin:0}.elementor-image-gallery figure img{display:block}.elementor-image-gallery figure figcaption{width:100%}.gallery-spacing-custom .elementor-image-gallery .gallery-icon{padding:0}@media (min-width:768px){.elementor-image-gallery .gallery-columns-2 .gallery-item{max-width:50%}.elementor-image-gallery .gallery-columns-3 .gallery-item{max-width:33.33%}.elementor-image-gallery .gallery-columns-4 .gallery-item{max-width:25%}.elementor-image-gallery .gallery-columns-5 .gallery-item{max-width:20%}.elementor-image-gallery .gallery-columns-6 .gallery-item{max-width:16.666%}.elementor-image-gallery .gallery-columns-7 .gallery-item{max-width:14.28%}.elementor-image-gallery .gallery-columns-8 .gallery-item{max-width:12.5%}.elementor-image-gallery .gallery-columns-9 .gallery-item{max-width:11.11%}.elementor-image-gallery .gallery-columns-10 .gallery-item{max-width:10%}}@media (min-width:480px) and (max-width:767px){.elementor-image-gallery .gallery.gallery-columns-2 .gallery-item,.elementor-image-gallery .gallery.gallery-columns-3 .gallery-item,.elementor-image-gallery .gallery.gallery-columns-4 .gallery-item,.elementor-image-gallery .gallery.gallery-columns-5 .gallery-item,.elementor-image-gallery .gallery.gallery-columns-6 .gallery-item,.elementor-image-gallery .gallery.gallery-columns-7 .gallery-item,.elementor-image-gallery .gallery.gallery-columns-8 .gallery-item,.elementor-image-gallery .gallery.gallery-columns-9 .gallery-item,.elementor-image-gallery .gallery.gallery-columns-10 .gallery-item{max-width:50%}}@media (max-width:479px){.elementor-image-gallery .gallery.gallery-columns-2 .gallery-item,.elementor-image-gallery .gallery.gallery-columns-3 .gallery-item,.elementor-image-gallery .gallery.gallery-columns-4 .gallery-item,.elementor-image-gallery .gallery.gallery-columns-5 .gallery-item,.elementor-image-gallery .gallery.gallery-columns-6 .gallery-item,.elementor-image-gallery .gallery.gallery-columns-7 .gallery-item,.elementor-image-gallery .gallery.gallery-columns-8 .gallery-item,.elementor-image-gallery .gallery.gallery-columns-9 .gallery-item,.elementor-image-gallery .gallery.gallery-columns-10 .gallery-item{max-width:100%}}<\/style>\t\t<div class=\"elementor-image-gallery\">\n\t\t\t<div id='gallery-1' class='gallery galleryid-2 gallery-columns-3 gallery-size-medium'><figure class='gallery-item'>\n\t\t\t<div class='gallery-icon landscape'>\n\t\t\t\t<img decoding=\"async\" width=\"300\" height=\"130\" src=\"https:\/\/spo.pd-komenda.si\/wp-content\/uploads\/2022\/02\/koto_logo-1-300x130.png\" class=\"attachment-medium size-medium\" alt=\"\" srcset=\"https:\/\/spo.pd-komenda.si\/wp-content\/uploads\/2022\/02\/koto_logo-1-300x130.png 300w, https:\/\/spo.pd-komenda.si\/wp-content\/uploads\/2022\/02\/koto_logo-1-230x100.png 230w, https:\/\/spo.pd-komenda.si\/wp-content\/uploads\/2022\/02\/koto_logo-1-350x152.png 350w, https:\/\/spo.pd-komenda.si\/wp-content\/uploads\/2022\/02\/koto_logo-1-480x208.png 480w, https:\/\/spo.pd-komenda.si\/wp-content\/uploads\/2022\/02\/koto_logo-1.png 600w\" sizes=\"(max-width: 300px) 100vw, 300px\" \/>\n\t\t\t<\/div><\/figure><figure class='gallery-item'>\n\t\t\t<div class='gallery-icon landscape'>\n\t\t\t\t<img fetchpriority=\"high\" decoding=\"async\" width=\"300\" height=\"172\" src=\"https:\/\/spo.pd-komenda.si\/wp-content\/uploads\/2022\/02\/Zavarovalnica-Triglav_LOGO-Vertical_CMYK-300x172.png\" class=\"attachment-medium size-medium\" alt=\"\" srcset=\"https:\/\/spo.pd-komenda.si\/wp-content\/uploads\/2022\/02\/Zavarovalnica-Triglav_LOGO-Vertical_CMYK-300x172.png 300w, https:\/\/spo.pd-komenda.si\/wp-content\/uploads\/2022\/02\/Zavarovalnica-Triglav_LOGO-Vertical_CMYK-1024x588.png 1024w, https:\/\/spo.pd-komenda.si\/wp-content\/uploads\/2022\/02\/Zavarovalnica-Triglav_LOGO-Vertical_CMYK-768x441.png 768w, https:\/\/spo.pd-komenda.si\/wp-content\/uploads\/2022\/02\/Zavarovalnica-Triglav_LOGO-Vertical_CMYK-1536x882.png 1536w, https:\/\/spo.pd-komenda.si\/wp-content\/uploads\/2022\/02\/Zavarovalnica-Triglav_LOGO-Vertical_CMYK-2048x1176.png 2048w, https:\/\/spo.pd-komenda.si\/wp-content\/uploads\/2022\/02\/Zavarovalnica-Triglav_LOGO-Vertical_CMYK-920x528.png 920w, https:\/\/spo.pd-komenda.si\/wp-content\/uploads\/2022\/02\/Zavarovalnica-Triglav_LOGO-Vertical_CMYK-230x132.png 230w, https:\/\/spo.pd-komenda.si\/wp-content\/uploads\/2022\/02\/Zavarovalnica-Triglav_LOGO-Vertical_CMYK-350x201.png 350w, https:\/\/spo.pd-komenda.si\/wp-content\/uploads\/2022\/02\/Zavarovalnica-Triglav_LOGO-Vertical_CMYK-480x276.png 480w\" sizes=\"(max-width: 300px) 100vw, 300px\" \/>\n\t\t\t<\/div><\/figure><figure class='gallery-item'>\n\t\t\t<div class='gallery-icon landscape'>\n\t\t\t\t<img decoding=\"async\" width=\"198\" height=\"158\" src=\"https:\/\/spo.pd-komenda.si\/wp-content\/uploads\/2023\/01\/grb.png\" class=\"attachment-medium size-medium\" alt=\"\" \/>\n\t\t\t<\/div><\/figure>\n\t\t<\/div>\n\t\t<\/div>\n\t\t\t\t<\/div>\n\t\t\t\t<\/div>\n\t\t\t\t\t<\/div>\n\t\t<\/div>\n\t\t\t\t\t\t\t<\/div>\n\t\t<\/section>\n\t\t\t\t<section class=\"elementor-section elementor-top-section elementor-element elementor-element-1fd16ea elementor-section-boxed elementor-section-height-default elementor-section-height-default\" data-id=\"1fd16ea\" data-element_type=\"section\">\n\t\t\t\t\t\t<div class=\"elementor-container elementor-column-gap-default\">\n\t\t\t\t\t<div class=\"elementor-column elementor-col-100 elementor-top-column elementor-element elementor-element-dfd50c0\" data-id=\"dfd50c0\" data-element_type=\"column\">\n\t\t\t<div class=\"elementor-widget-wrap\">\n\t\t\t\t\t\t\t\t\t<\/div>\n\t\t<\/div>\n\t\t\t\t\t\t\t<\/div>\n\t\t<\/section>\n\t\t\t\t<section class=\"elementor-section elementor-top-section elementor-element elementor-element-13c1872 elementor-section-full_width elementor-section-height-default elementor-section-height-default\" data-id=\"13c1872\" data-element_type=\"section\">\n\t\t\t\t\t\t<div class=\"elementor-container elementor-column-gap-no\">\n\t\t\t\t\t<div class=\"elementor-column elementor-col-100 elementor-top-column elementor-element elementor-element-0267303\" data-id=\"0267303\" data-element_type=\"column\">\n\t\t\t<div class=\"elementor-widget-wrap elementor-element-populated\">\n\t\t\t\t\t\t\t\t<div class=\"elementor-element elementor-element-8be7dce elementor-widget__width-inherit elementor-widget elementor-widget-google_maps\" data-id=\"8be7dce\" data-element_type=\"widget\" data-widget_type=\"google_maps.default\">\n\t\t\t\t<div class=\"elementor-widget-container\">\n\t\t\t<style>\/*! elementor - v3.18.0 - 08-12-2023 *\/\n.elementor-widget-google_maps .elementor-widget-container{overflow:hidden}.elementor-widget-google_maps .elementor-custom-embed{line-height:0}.elementor-widget-google_maps iframe{height:300px}<\/style>\t\t<div class=\"elementor-custom-embed\">\n\t\t\t<iframe loading=\"lazy\"\n\t\t\t\t\tsrc=\"https:\/\/maps.google.com\/maps?q=Podbor%C5%A1t%207g%20-%201218%20Komenda&#038;t=m&#038;z=14&#038;output=embed&#038;iwloc=near\"\n\t\t\t\t\ttitle=\"Podbor\u0161t 7g - 1218 Komenda\"\n\t\t\t\t\taria-label=\"Podbor\u0161t 7g - 1218 Komenda\"\n\t\t\t><\/iframe>\n\t\t<\/div>\n\t\t\t\t<\/div>\n\t\t\t\t<\/div>\n\t\t\t\t\t<\/div>\n\t\t<\/div>\n\t\t\t\t\t\t\t<\/div>\n\t\t<\/section>\n\t\t\t\t\t\t\t<\/div>\n\t\t","protected":false},"excerpt":{"rendered":"<p>Te zanima plezanje? Pridru\u017ei se najbolj drzni in zabavni plezalni ekipi! V \u0160portnoplezalnem odseku Komenda se lahko pohvalimo z dvema atraktivnima plezalnima [&hellip;]<\/p>\n","protected":false},"author":1,"featured_media":0,"parent":0,"menu_order":0,"comment_status":"closed","ping_status":"open","template":"page-templates\/page_front-page.php","meta":{"footnotes":""},"class_list":["post-2","page","type-page","status-publish","hentry"],"_links":{"self":[{"href":"https:\/\/spo.pd-komenda.si\/index.php\/wp-json\/wp\/v2\/pages\/2","targetHints":{"allow":["GET"]}}],"collection":[{"href":"https:\/\/spo.pd-komenda.si\/index.php\/wp-json\/wp\/v2\/pages"}],"about":[{"href":"https:\/\/spo.pd-komenda.si\/index.php\/wp-json\/wp\/v2\/types\/page"}],"author":[{"embeddable":true,"href":"https:\/\/spo.pd-komenda.si\/index.php\/wp-json\/wp\/v2\/users\/1"}],"replies":[{"embeddable":true,"href":"https:\/\/spo.pd-komenda.si\/index.php\/wp-json\/wp\/v2\/comments?post=2"}],"version-history":[{"count":71,"href":"https:\/\/spo.pd-komenda.si\/index.php\/wp-json\/wp\/v2\/pages\/2\/revisions"}],"predecessor-version":[{"id":185,"href":"https:\/\/spo.pd-komenda.si\/index.php\/wp-json\/wp\/v2\/pages\/2\/revisions\/185"}],"wp:attachment":[{"href":"https:\/\/spo.pd-komenda.si\/index.php\/wp-json\/wp\/v2\/media?parent=2"}],"curies":[{"name":"wp","href":"https:\/\/api.w.org\/{rel}","templated":true}]}}